{"id":566,"date":"2024-02-29T14:45:11","date_gmt":"2024-02-29T14:45:11","guid":{"rendered":"http:\/\/cyclingreview.nl\/?page_id=566"},"modified":"2024-03-27T18:27:36","modified_gmt":"2024-03-27T17:27:36","slug":"uber-uns","status":"publish","type":"page","link":"https:\/\/cyclingreview.nl\/de\/over-ons\/","title":{"rendered":"Impressum"},"content":{"rendered":"<p>Willkommen bei cyclingreview.co.uk. Wir teilen Ihre Liebe zum Abenteuer auf zwei R\u00e4dern! Auf cyclingreview.nl finden Sie ausf\u00fchrliche Berichte \u00fcber alle Arten von Fahrr\u00e4dern, Teilen, Fahrradbekleidung, Fahrradwartung, Training und Radreisen. Ob Sie nun Radfahren, Schotterfahren oder Mountainbiken wollen, cyclingreview.nl sorgt daf\u00fcr, dass Sie das Beste aus Ihrer n\u00e4chsten Radtour machen!<\/p>\n\n\n\n<div class=\"wp-block-columns is-layout-flex wp-container-core-columns-is-layout-28f84493 wp-block-columns-is-layout-flex\">\n<div class=\"wp-block-column is-layout-flow wp-block-column-is-layout-flow\" style=\"flex-basis:33.34%\">\n<figure class=\"wp-block-image size-large\"><img fetchpriority=\"high\" decoding=\"async\" width=\"683\" height=\"1024\" src=\"http:\/\/cyclingreview.nl\/wp-content\/uploads\/2024\/02\/fietsreviews-blogs-683x1024.jpg\" alt=\"cyclingreview.co.uk\" class=\"wp-image-568\" srcset=\"https:\/\/cyclingreview.nl\/wp-content\/uploads\/2024\/02\/fietsreviews-blogs-683x1024.jpg 683w, https:\/\/cyclingreview.nl\/wp-content\/uploads\/2024\/02\/fietsreviews-blogs-200x300.jpg 200w, https:\/\/cyclingreview.nl\/wp-content\/uploads\/2024\/02\/fietsreviews-blogs-768x1152.jpg 768w, https:\/\/cyclingreview.nl\/wp-content\/uploads\/2024\/02\/fietsreviews-blogs-1024x1536.jpg 1024w, https:\/\/cyclingreview.nl\/wp-content\/uploads\/2024\/02\/fietsreviews-blogs.jpg 1280w\" sizes=\"(max-width: 683px) 100vw, 683px\" \/><\/figure>\n<\/div>\n\n\n\n<div class=\"wp-block-column is-layout-flow wp-block-column-is-layout-flow\" style=\"flex-basis:33.34%\">\n<figure class=\"wp-block-image size-large\"><img decoding=\"async\" width=\"683\" height=\"1024\" src=\"http:\/\/cyclingreview.nl\/wp-content\/uploads\/2024\/02\/gravelfietsen-reviews-683x1024.jpg\" alt=\"cyclingreview.co.uk\" class=\"wp-image-561\" srcset=\"https:\/\/cyclingreview.nl\/wp-content\/uploads\/2024\/02\/gravelfietsen-reviews-683x1024.jpg 683w, https:\/\/cyclingreview.nl\/wp-content\/uploads\/2024\/02\/gravelfietsen-reviews-200x300.jpg 200w, https:\/\/cyclingreview.nl\/wp-content\/uploads\/2024\/02\/gravelfietsen-reviews-768x1152.jpg 768w, https:\/\/cyclingreview.nl\/wp-content\/uploads\/2024\/02\/gravelfietsen-reviews-1024x1536.jpg 1024w, https:\/\/cyclingreview.nl\/wp-content\/uploads\/2024\/02\/gravelfietsen-reviews.jpg 1280w\" sizes=\"(max-width: 683px) 100vw, 683px\" \/><\/figure>\n<\/div>\n\n\n\n<div class=\"wp-block-column is-layout-flow wp-block-column-is-layout-flow\" style=\"flex-basis:33.33%\">\n<figure class=\"wp-block-image size-large\"><img decoding=\"async\" width=\"683\" height=\"1024\" src=\"http:\/\/cyclingreview.nl\/wp-content\/uploads\/2024\/02\/fiets-reviews-sram-683x1024.jpg\" alt=\"cyclingreview.co.uk\" class=\"wp-image-569\" srcset=\"https:\/\/cyclingreview.nl\/wp-content\/uploads\/2024\/02\/fiets-reviews-sram-683x1024.jpg 683w, https:\/\/cyclingreview.nl\/wp-content\/uploads\/2024\/02\/fiets-reviews-sram-200x300.jpg 200w, https:\/\/cyclingreview.nl\/wp-content\/uploads\/2024\/02\/fiets-reviews-sram-768x1152.jpg 768w, https:\/\/cyclingreview.nl\/wp-content\/uploads\/2024\/02\/fiets-reviews-sram-1024x1536.jpg 1024w, https:\/\/cyclingreview.nl\/wp-content\/uploads\/2024\/02\/fiets-reviews-sram.jpg 1280w\" sizes=\"(max-width: 683px) 100vw, 683px\" \/><\/figure>\n<\/div>\n<\/div>","protected":false},"excerpt":{"rendered":"<p>Willkommen bei cyclingreview.co.uk. Wir teilen Ihre Liebe zum Abenteuer auf zwei R\u00e4dern! Auf cyclingreview.nl finden Sie ausf\u00fchrliche Berichte \u00fcber alle Arten von Fahrr\u00e4dern, Teilen, Fahrradbekleidung, Fahrradwartung, Training und Radreisen. Ob Sie nun Radfahren, Schotterfahren oder Mountainbiken wollen, cyclingreview.nl sorgt daf\u00fcr, dass Sie das Beste aus Ihrer n\u00e4chsten Radtour machen!<\/p>","protected":false},"author":2,"featured_media":0,"parent":0,"menu_order":0,"comment_status":"closed","ping_status":"closed","template":"","meta":{"footnotes":""},"class_list":["post-566","page","type-page","status-publish","hentry"],"_links":{"self":[{"href":"https:\/\/cyclingreview.nl\/de\/wp-json\/wp\/v2\/pages\/566","targetHints":{"allow":["GET"]}}],"collection":[{"href":"https:\/\/cyclingreview.nl\/de\/wp-json\/wp\/v2\/pages"}],"about":[{"href":"https:\/\/cyclingreview.nl\/de\/wp-json\/wp\/v2\/types\/page"}],"author":[{"embeddable":true,"href":"https:\/\/cyclingreview.nl\/de\/wp-json\/wp\/v2\/users\/2"}],"replies":[{"embeddable":true,"href":"https:\/\/cyclingreview.nl\/de\/wp-json\/wp\/v2\/comments?post=566"}],"version-history":[{"count":0,"href":"https:\/\/cyclingreview.nl\/de\/wp-json\/wp\/v2\/pages\/566\/revisions"}],"wp:attachment":[{"href":"https:\/\/cyclingreview.nl\/de\/wp-json\/wp\/v2\/media?parent=566"}],"curies":[{"name":"wp","href":"https:\/\/api.w.org\/{rel}","templated":true}]}}