{"id":573,"date":"2024-02-29T15:02:58","date_gmt":"2024-02-29T15:02:58","guid":{"rendered":"http:\/\/cyclingreview.nl\/?page_id=573"},"modified":"2024-02-29T15:02:58","modified_gmt":"2024-02-29T15:02:58","slug":"instagram","status":"publish","type":"page","link":"https:\/\/cyclingreview.nl\/de\/instagram\/","title":{"rendered":"Instagram"},"content":{"rendered":"<p>Willkommen bei cyclingreview.co.uk. Hier lesen Sie jede Woche neue Testberichte \u00fcber Rennr\u00e4der, Gravelbikes, Fahrradbekleidung, Zubeh\u00f6r und Ersatzteile.<\/p>\n\n\n\n<h2 class=\"wp-block-heading\">Neueste Blogs<\/h2>\n\n\n<ul class=\"wp-block-latest-posts__list wp-block-latest-posts\"><li><a class=\"wp-block-latest-posts__post-title\" href=\"https:\/\/cyclingreview.nl\/de\/scicon-aeroshade-2-0-titanium-fietsbril\/\">Scicon Aeroshade 2.0 Titanium: neue Performance-Brille mit Titan-B\u00fcgeln und neu gestaltetem Monoschild-Rahmen<\/a><\/li>\n<li><a class=\"wp-block-latest-posts__post-title\" href=\"https:\/\/cyclingreview.nl\/de\/ffwd-tyro-carbon-gravel-wielen\/\">FFWD bringt dritte Generation Tyro auf den Markt: Carbon-Gravelr\u00e4der von 1.575 Gramm f\u00fcr 1.099 \u20ac<\/a><\/li>\n<li><a class=\"wp-block-latest-posts__post-title\" href=\"https:\/\/cyclingreview.nl\/de\/colnago-dark-series-y1rs-v5rs-limited-edition-2025\/\">Colnago Dark Series: Y1Rs und V5Rs in Rohkarbon, limitiert auf 600 St\u00fcck<\/a><\/li>\n<li><a class=\"wp-block-latest-posts__post-title\" href=\"https:\/\/cyclingreview.nl\/de\/giant-propel-2026-review-aero-racefiets\/\">Giant Propel 2026: Leichter, aerodynamischer und endlich einfacher zu justieren<\/a><\/li>\n<li><a class=\"wp-block-latest-posts__post-title\" href=\"https:\/\/cyclingreview.nl\/de\/beginnen-met-fietsen-klein-budget-tips-2026\/\">Radfahren mit kleinem Budget: 10 Tipps f\u00fcr einen cleveren Start ins Jahr 2026<\/a><\/li>\n<\/ul>","protected":false},"excerpt":{"rendered":"<p>Willkommen bei cyclingreview.co.uk. Hier lesen Sie jede Woche neue Testberichte \u00fcber Rennr\u00e4der, Gravelbikes, Fahrradbekleidung, Zubeh\u00f6r und Ersatzteile. Die neuesten Blogs<\/p>","protected":false},"author":2,"featured_media":0,"parent":0,"menu_order":0,"comment_status":"closed","ping_status":"closed","template":"","meta":{"footnotes":""},"class_list":["post-573","page","type-page","status-publish","hentry"],"_links":{"self":[{"href":"https:\/\/cyclingreview.nl\/de\/wp-json\/wp\/v2\/pages\/573","targetHints":{"allow":["GET"]}}],"collection":[{"href":"https:\/\/cyclingreview.nl\/de\/wp-json\/wp\/v2\/pages"}],"about":[{"href":"https:\/\/cyclingreview.nl\/de\/wp-json\/wp\/v2\/types\/page"}],"author":[{"embeddable":true,"href":"https:\/\/cyclingreview.nl\/de\/wp-json\/wp\/v2\/users\/2"}],"replies":[{"embeddable":true,"href":"https:\/\/cyclingreview.nl\/de\/wp-json\/wp\/v2\/comments?post=573"}],"version-history":[{"count":0,"href":"https:\/\/cyclingreview.nl\/de\/wp-json\/wp\/v2\/pages\/573\/revisions"}],"wp:attachment":[{"href":"https:\/\/cyclingreview.nl\/de\/wp-json\/wp\/v2\/media?parent=573"}],"curies":[{"name":"wp","href":"https:\/\/api.w.org\/{rel}","templated":true}]}}