{"id":904,"date":"2024-03-27T18:32:03","date_gmt":"2024-03-27T17:32:03","guid":{"rendered":"https:\/\/cyclingreview.nl\/?page_id=904"},"modified":"2024-03-27T18:32:07","modified_gmt":"2024-03-27T17:32:07","slug":"datenschutzerklarung-und-haftungsausschluss","status":"publish","type":"page","link":"https:\/\/cyclingreview.nl\/de\/privacy-policy-en-disclaimer\/","title":{"rendered":"Datenschutzrichtlinie und Haftungsausschluss"},"content":{"rendered":"<p>Auf dieser Seite finden Sie die wichtigsten Informationen \u00fcber die Arbeitsweise von <a href=\"http:\/\/cyclingreview.nl\/de\/\">cyclingreview.co.uk\u00a0<\/a>und die Verwendung von personenbezogenen Daten. Alle folgenden Ausf\u00fchrungen gelten f\u00fcr cyclingreview.de. Durch die Nutzung dieser Website erkl\u00e4ren Sie sich mit dem Haftungsausschluss und der Datenschutzrichtlinie einverstanden.<\/p>\n\n\n\n<h2 class=\"wp-block-heading\">Datenschutz<\/h2>\n\n\n\n<p>cyclingreview.co.uk respektiert die Privatsph\u00e4re aller Nutzer dieser Website. Wir behandeln pers\u00f6nliche Informationen, die Sie uns zur Verf\u00fcgung stellen, stets vertraulich. Wir werden niemals pers\u00f6nliche Daten an externe Parteien verkaufen oder weitergeben. Nachfolgend k\u00f6nnen Sie sehen, welche pers\u00f6nlichen Daten wir von Ihnen erhalten, wenn Sie cyclingreview.nl besuchen. Wir erkl\u00e4ren auch, was mit diesen Daten geschieht.<\/p>\n\n\n\n<h3 class=\"wp-block-heading\">Cookies<\/h3>\n\n\n\n<p>Wir verwenden Cookies, um Informationen zu speichern. Wir verwenden diese Informationen, um die Besucherzahlen zu messen, um sicherzustellen, dass die Website so reibungslos wie m\u00f6glich l\u00e4uft und um die Website zu verbessern. Wir k\u00f6nnen zum Beispiel sehen, welcher Browser verwendet wird, um cyclingreview.de zu besuchen, wie viel Zeit auf der Website verbracht wird und welche Blogs und Seiten gelesen werden. Wir verfolgen diese Informationen \u00fcber Google Analytics. Wenn Sie die Website weiter nutzen, gehen wir davon aus, dass Sie damit einverstanden sind. Sollten Sie die Cookie-Einstellungen \u00e4ndern wollen, k\u00f6nnen Sie dies in Ihren Browser-Einstellungen tun.<\/p>\n\n\n\n<h3 class=\"wp-block-heading\">Links zu anderen Websites<\/h3>\n\n\n\n<p>Um unsere Besucher mit den besten Informationen zu versorgen, stellen wir regelm\u00e4\u00dfig Links zu anderen Websites zur Verf\u00fcgung. Wir sind nicht verantwortlich f\u00fcr die Informationen, die auf diesen Websites zu finden sind. Ebenso wenig sind wir f\u00fcr die Datenschutzrichtlinien dieser Websites verantwortlich.<\/p>\n\n\n\n<h3 class=\"wp-block-heading\">Kontakt zu cyclingreview.co.uk<\/h3>\n\n\n\n<p>Wir freuen uns \u00fcber E-Mails und Nachrichten von unseren Besuchern. \u00dcber die Kontaktformulare auf cyclingreview.de k\u00f6nnen Sie uns eine E-Mail mit Ihren Fragen oder Kommentaren schicken. Dabei bitten wir Sie, Ihre E-Mail-Adresse und Ihren Namen einzugeben. Wir verwenden diese E-Mail-Adressen und pers\u00f6nlichen Daten nur zur Kontaktaufnahme mit Ihnen. Wir werden Ihre pers\u00f6nlichen Daten nicht ohne Ihre Zustimmung an Dritte weitergeben. Wir speichern Ihre E-Mail-Adresse so lange, wie es f\u00fcr die Beantwortung Ihrer Fragen erforderlich ist.<\/p>\n\n\n\n<h3 class=\"wp-block-heading\">Einen Kommentar zu bicyclereviews.cc hinterlassen<\/h3>\n\n\n\n<p>Am Ende eines jeden Artikels haben Sie als Besucher die M\u00f6glichkeit, einen Kommentar zu hinterlassen. Dabei bitten wir Sie um die Angabe eines Namens, einer E-Mail-Adresse und eventuell einer Website. Wenn Sie einen Kommentar hinterlassen, k\u00f6nnen wir oft auch Ihre IP-Adresse sehen. Die Informationen, die wir auf diese Weise erhalten, werden nicht verkauft oder an andere Parteien weitergegeben. Sollten Sie einen Kommentar hinterlassen haben, den Sie \u00e4ndern oder l\u00f6schen m\u00f6chten, k\u00f6nnen Sie\u00a0<a href=\"https:\/\/cyclingreview.nl\/de\/kontakt\/\" target=\"_blank\" rel=\"noreferrer noopener\">Kontaktieren Sie uns<\/a>. Wir werden den Kommentar dann so schnell wie m\u00f6glich \u00e4ndern oder l\u00f6schen.<\/p>\n\n\n\n<h3 class=\"wp-block-heading\">Kampagnen gewinnen<\/h3>\n\n\n\n<p>Wenn Sie an einer Gewinnaktion auf cyclingreview.de teilnehmen m\u00f6chten, k\u00f6nnen Sie dies tun, indem Sie eine E-Mail senden oder ein Kontaktformular ausf\u00fcllen. Dabei m\u00fcssen Sie pers\u00f6nliche Daten angeben: einen Namen, eine E-Mail-Adresse und manchmal eine Wohnadresse. Wir verwenden diese Daten nur, um den Gewinner zu kontaktieren. Nach Beendigung des Gewinnspiels werden Ihre pers\u00f6nlichen Daten gel\u00f6scht.<\/p>\n\n\n\n<h2 class=\"wp-block-heading\">Haftungsausschluss<\/h2>\n\n\n\n<h2 class=\"wp-block-heading\">Inhalt<\/h2>\n\n\n\n<p>Beim Verfassen der Texte auf dieser Website sind wir sehr darauf bedacht, Ihnen korrekte Informationen zu liefern und die Artikel aktuell zu halten. Dennoch ist es m\u00f6glich, dass ver\u00f6ffentlichte Artikel sachliche Ungenauigkeiten enthalten oder nicht (mehr) vollst\u00e4ndig sind. Der Inhalt der Website ist freibleibend und kann von uns jederzeit und ohne jegliche Ank\u00fcndigung ge\u00e4ndert werden. Aus dem Inhalt k\u00f6nnen keinerlei Rechte abgeleitet werden.<\/p>\n\n\n\n<p>cyclingreview.nl kann nicht haftbar gemacht werden f\u00fcr direkte oder indirekte Sch\u00e4den, in irgendeiner Form, die sich aus der Nutzung von cyclingreview.nl. Wir sind nicht verantwortlich f\u00fcr den Inhalt der Websites, auf die wir verlinken.<\/p>\n\n\n\n<h3 class=\"wp-block-heading\">Bilder und Texte<\/h3>\n\n\n\n<p>Alle Fotos und Texte auf dieser Website sind Eigentum von cyclingreview.co.uk oder wurden durch eine Lizenz erworben. Die gesamte Website, alle Inhalte und Videos sind urheberrechtlich gesch\u00fctzt. Dieser Inhalt ist urheberrechtlich gesch\u00fctzt. Er darf nicht ohne schriftliche Genehmigung kopiert oder verbreitet werden. Sollten Sie Texte oder Fotos von dieser Website verwenden wollen, d\u00fcrfen Sie dies nur nach vorheriger schriftlicher Genehmigung und mit einem Hinweis auf diese Website tun.<\/p>\n\n\n\n<h3 class=\"wp-block-heading\">Gesponserte Produkte, Reisen und Dienstleistungen<\/h3>\n\n\n\n<p>Auf bicyclereviews.cc ver\u00f6ffentlichen wir regelm\u00e4\u00dfig Artikel, in denen wir Produkte und Dienstleistungen erw\u00e4hnen. In einigen F\u00e4llen sind diese gesponsert. Auch wenn wir selbst nicht f\u00fcr Produkte oder Dienstleistungen bezahlen, werden wir immer eine ehrliche Meinung \u00fcber sie abgeben. So k\u00f6nnen wir den Besuchern von cyclingreview.cc die besten Ratschl\u00e4ge geben.<\/p>\n\n\n\n<p>cyclingreview.nl geht nur Kooperationen ein, die zum Inhalt und zur Zielgruppe der Website passen. Dies gilt sowohl f\u00fcr bezahlte als auch f\u00fcr unbezahlte Artikel, Rezensionen und Gewinnspiele.\u00a0<\/p>\n\n\n\n<h3 class=\"wp-block-heading\">Partner-Links<\/h3>\n\n\n\n<p>Auf fietsreviews.cc ver\u00f6ffentlichen wir regelm\u00e4\u00dfig Affiliate-Links. \u00dcber diese Links verweisen wir auf die Website eines Produkts oder einer Unterkunft. Wenn Sie dieses Produkt oder diese Dienstleistung kaufen, erh\u00e4lt cyclingreviews.cc eine kleine Verg\u00fctung. Sie als K\u00e4ufer zahlen daf\u00fcr nichts extra. Sie tragen lediglich dazu bei, dass cyclingreviews.cc auf diese Weise kostendeckend arbeiten kann.<\/p>\n\n\n\n<p>Wenn wir Affiliate-Marketing betreiben, werden Affiliate-Cookies auf dieser Website platziert, um festzustellen, ob wir eine Verg\u00fctung von einem unserer Partner erhalten, wenn Sie \u00fcber diese Website vermittelt werden.&nbsp;<\/p>\n\n\n\n<h3 class=\"wp-block-heading\">Fragen oder Kommentare?<\/h3>\n\n\n\n<p>Haben Sie Fragen und\/oder Kommentare zu diesem Disclaimer &amp; Datenschutz oder haben Sie eine Ungenauigkeit in einem der Artikel entdeckt? Dann bitte\u00a0<a href=\"https:\/\/cyclingreview.nl\/de\/kontakt\/\">Kontakt<\/a>\u00a0an. Danke!<\/p>","protected":false},"excerpt":{"rendered":"<p>Op deze pagina vind je de belangrijkste gegevens over de werkwijze van cyclingreview.nl\u00a0en het gebruik van persoonsgegevens.\u00a0Al het onderstaande is van toepassing op cyclingreview.nl. Door deze website te gebruiken ga je akkoord met de disclaimer en privacy policy. Privacy cyclingreview.nl respecteert de privacy van alle gebruikers van deze site. Wij behandelen persoonlijke informatie die je [&hellip;]<\/p>\n","protected":false},"author":2,"featured_media":0,"parent":0,"menu_order":0,"comment_status":"closed","ping_status":"closed","template":"","meta":{"footnotes":""},"class_list":["post-904","page","type-page","status-publish","hentry"],"_links":{"self":[{"href":"https:\/\/cyclingreview.nl\/de\/wp-json\/wp\/v2\/pages\/904","targetHints":{"allow":["GET"]}}],"collection":[{"href":"https:\/\/cyclingreview.nl\/de\/wp-json\/wp\/v2\/pages"}],"about":[{"href":"https:\/\/cyclingreview.nl\/de\/wp-json\/wp\/v2\/types\/page"}],"author":[{"embeddable":true,"href":"https:\/\/cyclingreview.nl\/de\/wp-json\/wp\/v2\/users\/2"}],"replies":[{"embeddable":true,"href":"https:\/\/cyclingreview.nl\/de\/wp-json\/wp\/v2\/comments?post=904"}],"version-history":[{"count":0,"href":"https:\/\/cyclingreview.nl\/de\/wp-json\/wp\/v2\/pages\/904\/revisions"}],"wp:attachment":[{"href":"https:\/\/cyclingreview.nl\/de\/wp-json\/wp\/v2\/media?parent=904"}],"curies":[{"name":"wp","href":"https:\/\/api.w.org\/{rel}","templated":true}]}}